{"id":30105,"date":"2023-10-13T16:08:59","date_gmt":"2023-10-13T14:08:59","guid":{"rendered":"https:\/\/marconijewellerygeneva.com\/?post_type=product&#038;p=30105"},"modified":"2024-02-16T11:33:42","modified_gmt":"2024-02-16T10:33:42","slug":"png-233","status":"publish","type":"product","link":"https:\/\/marconijewellerygeneva.com\/fr\/produit\/png-233\/","title":{"rendered":"Bague en or blanc avec \u00e9meraude et diamants"},"content":{"rendered":"<p>Une bague en or blanc qui s\u00e9duit par la magnificence de son \u00e9meraude taille coussin de 31,64 carats en serti griffe. La tige est sertie de diamants ronds soulign\u00e9s par des griffes.<\/p>","protected":false},"excerpt":{"rendered":"<p>Diamants 1,2 carats, \u00c9meraude 31,64 carats<\/p>","protected":false},"featured_media":32268,"comment_status":"open","ping_status":"closed","template":"","meta":[],"product_brand":[],"product_cat":[110,114],"product_tag":[],"class_list":{"0":"post-30105","1":"product","2":"type-product","3":"status-publish","4":"has-post-thumbnail","6":"product_cat-jewellery","7":"product_cat-women-rings","9":"first","10":"instock","11":"taxable","12":"shipping-taxable","13":"purchasable","14":"product-type-simple"},"yoast_head":"<!-- This site is optimized with the Yoast SEO plugin v27.3 - https:\/\/yoast.com\/product\/yoast-seo-wordpress\/ -->\n<title>Emerald diamond white gold ring - Marconi Geneva<\/title>\n<meta name=\"description\" content=\"Elegance and luxury creations of jewels. Custom jewellery made of emerald, sapphire, ruby highlighted by diamonds in 18k gold setting. Worldwide shipping.\" \/>\n<meta name=\"robots\" content=\"index, follow, max-snippet:-1, max-image-preview:large, max-video-preview:-1\" \/>\n<link rel=\"canonical\" href=\"https:\/\/marconijewellerygeneva.com\/fr\/produit\/png-233\/\" \/>\n<meta property=\"og:locale\" content=\"fr_FR\" \/>\n<meta property=\"og:type\" content=\"article\" \/>\n<meta property=\"og:title\" content=\"Emerald diamond white gold ring - Marconi Geneva\" \/>\n<meta property=\"og:description\" content=\"Elegance and luxury creations of jewels. Custom jewellery made of emerald, sapphire, ruby highlighted by diamonds in 18k gold setting. Worldwide shipping.\" \/>\n<meta property=\"og:url\" content=\"https:\/\/marconijewellerygeneva.com\/fr\/produit\/png-233\/\" \/>\n<meta property=\"og:site_name\" content=\"Marconi Geneva\" \/>\n<meta property=\"article:modified_time\" content=\"2024-02-16T10:33:42+00:00\" \/>\n<meta property=\"og:image\" content=\"https:\/\/marconijewellerygeneva.com\/wp-content\/uploads\/2023\/10\/233.png\" \/>\n\t<meta property=\"og:image:width\" content=\"4252\" \/>\n\t<meta property=\"og:image:height\" content=\"4252\" \/>\n\t<meta property=\"og:image:type\" content=\"image\/png\" \/>\n<meta name=\"twitter:card\" content=\"summary_large_image\" \/>\n<meta name=\"twitter:label1\" content=\"Dur\u00e9e de lecture estim\u00e9e\" \/>\n\t<meta name=\"twitter:data1\" content=\"1 minute\" \/>\n<script type=\"application\/ld+json\" class=\"yoast-schema-graph\">{\"@context\":\"https:\\\/\\\/schema.org\",\"@graph\":[{\"@type\":\"WebPage\",\"@id\":\"https:\\\/\\\/marconijewellerygeneva.com\\\/product\\\/png-233\\\/\",\"url\":\"https:\\\/\\\/marconijewellerygeneva.com\\\/product\\\/png-233\\\/\",\"name\":\"Emerald diamond white gold ring - Marconi Geneva\",\"isPartOf\":{\"@id\":\"https:\\\/\\\/marconijewellerygeneva.com\\\/#website\"},\"primaryImageOfPage\":{\"@id\":\"https:\\\/\\\/marconijewellerygeneva.com\\\/product\\\/png-233\\\/#primaryimage\"},\"image\":{\"@id\":\"https:\\\/\\\/marconijewellerygeneva.com\\\/product\\\/png-233\\\/#primaryimage\"},\"thumbnailUrl\":\"https:\\\/\\\/marconijewellerygeneva.com\\\/wp-content\\\/uploads\\\/2023\\\/10\\\/233.png\",\"datePublished\":\"2023-10-13T14:08:59+00:00\",\"dateModified\":\"2024-02-16T10:33:42+00:00\",\"description\":\"Elegance and luxury creations of jewels. Custom jewellery made of emerald, sapphire, ruby highlighted by diamonds in 18k gold setting. Worldwide shipping.\",\"breadcrumb\":{\"@id\":\"https:\\\/\\\/marconijewellerygeneva.com\\\/product\\\/png-233\\\/#breadcrumb\"},\"inLanguage\":\"fr-FR\",\"potentialAction\":[{\"@type\":\"ReadAction\",\"target\":[\"https:\\\/\\\/marconijewellerygeneva.com\\\/product\\\/png-233\\\/\"]}]},{\"@type\":\"ImageObject\",\"inLanguage\":\"fr-FR\",\"@id\":\"https:\\\/\\\/marconijewellerygeneva.com\\\/product\\\/png-233\\\/#primaryimage\",\"url\":\"https:\\\/\\\/marconijewellerygeneva.com\\\/wp-content\\\/uploads\\\/2023\\\/10\\\/233.png\",\"contentUrl\":\"https:\\\/\\\/marconijewellerygeneva.com\\\/wp-content\\\/uploads\\\/2023\\\/10\\\/233.png\",\"width\":4252,\"height\":4252},{\"@type\":\"BreadcrumbList\",\"@id\":\"https:\\\/\\\/marconijewellerygeneva.com\\\/product\\\/png-233\\\/#breadcrumb\",\"itemListElement\":[{\"@type\":\"ListItem\",\"position\":1,\"name\":\"Home\",\"item\":\"https:\\\/\\\/marconijewellerygeneva.com\\\/\"},{\"@type\":\"ListItem\",\"position\":2,\"name\":\"Shop\",\"item\":\"https:\\\/\\\/marconijewellerygeneva.com\\\/shop\\\/\"},{\"@type\":\"ListItem\",\"position\":3,\"name\":\"Emerald diamond white gold ring\"}]},{\"@type\":\"WebSite\",\"@id\":\"https:\\\/\\\/marconijewellerygeneva.com\\\/#website\",\"url\":\"https:\\\/\\\/marconijewellerygeneva.com\\\/\",\"name\":\"Marconi Geneva\",\"description\":\"Marconi Geneva\",\"potentialAction\":[{\"@type\":\"SearchAction\",\"target\":{\"@type\":\"EntryPoint\",\"urlTemplate\":\"https:\\\/\\\/marconijewellerygeneva.com\\\/?s={search_term_string}\"},\"query-input\":{\"@type\":\"PropertyValueSpecification\",\"valueRequired\":true,\"valueName\":\"search_term_string\"}}],\"inLanguage\":\"fr-FR\"}]}<\/script>\n<!-- \/ Yoast SEO plugin. -->","yoast_head_json":{"title":"Emerald diamond white gold ring - Marconi Geneva","description":"Elegance and luxury creations of jewels. Custom jewellery made of emerald, sapphire, ruby highlighted by diamonds in 18k gold setting. Worldwide shipping.","robots":{"index":"index","follow":"follow","max-snippet":"max-snippet:-1","max-image-preview":"max-image-preview:large","max-video-preview":"max-video-preview:-1"},"canonical":"https:\/\/marconijewellerygeneva.com\/fr\/produit\/png-233\/","og_locale":"fr_FR","og_type":"article","og_title":"Emerald diamond white gold ring - Marconi Geneva","og_description":"Elegance and luxury creations of jewels. Custom jewellery made of emerald, sapphire, ruby highlighted by diamonds in 18k gold setting. Worldwide shipping.","og_url":"https:\/\/marconijewellerygeneva.com\/fr\/produit\/png-233\/","og_site_name":"Marconi Geneva","article_modified_time":"2024-02-16T10:33:42+00:00","og_image":[{"width":4252,"height":4252,"url":"https:\/\/marconijewellerygeneva.com\/wp-content\/uploads\/2023\/10\/233.png","type":"image\/png"}],"twitter_card":"summary_large_image","twitter_misc":{"Dur\u00e9e de lecture estim\u00e9e":"1 minute"},"schema":{"@context":"https:\/\/schema.org","@graph":[{"@type":"WebPage","@id":"https:\/\/marconijewellerygeneva.com\/product\/png-233\/","url":"https:\/\/marconijewellerygeneva.com\/product\/png-233\/","name":"Emerald diamond white gold ring - Marconi Geneva","isPartOf":{"@id":"https:\/\/marconijewellerygeneva.com\/#website"},"primaryImageOfPage":{"@id":"https:\/\/marconijewellerygeneva.com\/product\/png-233\/#primaryimage"},"image":{"@id":"https:\/\/marconijewellerygeneva.com\/product\/png-233\/#primaryimage"},"thumbnailUrl":"https:\/\/marconijewellerygeneva.com\/wp-content\/uploads\/2023\/10\/233.png","datePublished":"2023-10-13T14:08:59+00:00","dateModified":"2024-02-16T10:33:42+00:00","description":"Elegance and luxury creations of jewels. Custom jewellery made of emerald, sapphire, ruby highlighted by diamonds in 18k gold setting. Worldwide shipping.","breadcrumb":{"@id":"https:\/\/marconijewellerygeneva.com\/product\/png-233\/#breadcrumb"},"inLanguage":"fr-FR","potentialAction":[{"@type":"ReadAction","target":["https:\/\/marconijewellerygeneva.com\/product\/png-233\/"]}]},{"@type":"ImageObject","inLanguage":"fr-FR","@id":"https:\/\/marconijewellerygeneva.com\/product\/png-233\/#primaryimage","url":"https:\/\/marconijewellerygeneva.com\/wp-content\/uploads\/2023\/10\/233.png","contentUrl":"https:\/\/marconijewellerygeneva.com\/wp-content\/uploads\/2023\/10\/233.png","width":4252,"height":4252},{"@type":"BreadcrumbList","@id":"https:\/\/marconijewellerygeneva.com\/product\/png-233\/#breadcrumb","itemListElement":[{"@type":"ListItem","position":1,"name":"Home","item":"https:\/\/marconijewellerygeneva.com\/"},{"@type":"ListItem","position":2,"name":"Shop","item":"https:\/\/marconijewellerygeneva.com\/shop\/"},{"@type":"ListItem","position":3,"name":"Emerald diamond white gold ring"}]},{"@type":"WebSite","@id":"https:\/\/marconijewellerygeneva.com\/#website","url":"https:\/\/marconijewellerygeneva.com\/","name":"Marconi Gen\u00e8ve","description":"Marconi Gen\u00e8ve","potentialAction":[{"@type":"SearchAction","target":{"@type":"EntryPoint","urlTemplate":"https:\/\/marconijewellerygeneva.com\/?s={search_term_string}"},"query-input":{"@type":"PropertyValueSpecification","valueRequired":true,"valueName":"search_term_string"}}],"inLanguage":"fr-FR"}]}},"_links":{"self":[{"href":"https:\/\/marconijewellerygeneva.com\/fr\/wp-json\/wp\/v2\/product\/30105","targetHints":{"allow":["GET"]}}],"collection":[{"href":"https:\/\/marconijewellerygeneva.com\/fr\/wp-json\/wp\/v2\/product"}],"about":[{"href":"https:\/\/marconijewellerygeneva.com\/fr\/wp-json\/wp\/v2\/types\/product"}],"replies":[{"embeddable":true,"href":"https:\/\/marconijewellerygeneva.com\/fr\/wp-json\/wp\/v2\/comments?post=30105"}],"version-history":[{"count":5,"href":"https:\/\/marconijewellerygeneva.com\/fr\/wp-json\/wp\/v2\/product\/30105\/revisions"}],"predecessor-version":[{"id":32269,"href":"https:\/\/marconijewellerygeneva.com\/fr\/wp-json\/wp\/v2\/product\/30105\/revisions\/32269"}],"wp:featuredmedia":[{"embeddable":true,"href":"https:\/\/marconijewellerygeneva.com\/fr\/wp-json\/wp\/v2\/media\/32268"}],"wp:attachment":[{"href":"https:\/\/marconijewellerygeneva.com\/fr\/wp-json\/wp\/v2\/media?parent=30105"}],"wp:term":[{"taxonomy":"product_brand","embeddable":true,"href":"https:\/\/marconijewellerygeneva.com\/fr\/wp-json\/wp\/v2\/product_brand?post=30105"},{"taxonomy":"product_cat","embeddable":true,"href":"https:\/\/marconijewellerygeneva.com\/fr\/wp-json\/wp\/v2\/product_cat?post=30105"},{"taxonomy":"product_tag","embeddable":true,"href":"https:\/\/marconijewellerygeneva.com\/fr\/wp-json\/wp\/v2\/product_tag?post=30105"}],"curies":[{"name":"wp","href":"https:\/\/api.w.org\/{rel}","templated":true}]}}