{"id":30131,"date":"2023-10-14T12:56:48","date_gmt":"2023-10-14T10:56:48","guid":{"rendered":"https:\/\/marconijewellerygeneva.com\/?post_type=product&#038;p=30131"},"modified":"2024-02-18T01:56:06","modified_gmt":"2024-02-18T00:56:06","slug":"png-262","status":"publish","type":"product","link":"https:\/\/marconijewellerygeneva.com\/fr\/produit\/png-262\/","title":{"rendered":"Bague en or jaune avec saphir et diamant"},"content":{"rendered":"<p>Admirable bague en or jaune orn\u00e9e d'un majestueux saphir taille coussin en serti griffes entour\u00e9 d'un g\u00e9n\u00e9reux halo de diamants baguettes taill\u00e9s sur mesure. Le d\u00e9but de la tige est orn\u00e9 de deux diamants baguettes sertis barrette.<\/p>","protected":false},"excerpt":{"rendered":"<p>Diamants 2,1 carats, saphir 6,19 carats<\/p>","protected":false},"featured_media":32292,"comment_status":"open","ping_status":"closed","template":"","meta":[],"product_brand":[],"product_cat":[110,114],"product_tag":[],"class_list":{"0":"post-30131","1":"product","2":"type-product","3":"status-publish","4":"has-post-thumbnail","6":"product_cat-jewellery","7":"product_cat-women-rings","9":"first","10":"instock","11":"taxable","12":"shipping-taxable","13":"purchasable","14":"product-type-simple"},"yoast_head":"<!-- This site is optimized with the Yoast SEO plugin v27.3 - https:\/\/yoast.com\/product\/yoast-seo-wordpress\/ -->\n<title>Sapphire diamond yellow gold ring - Marconi Geneva<\/title>\n<meta name=\"description\" content=\"Elegance and luxury creations of jewels. Custom jewellery made of emerald, sapphire, ruby highlighted by diamonds in 18k gold setting. Worldwide shipping.\" \/>\n<meta name=\"robots\" content=\"index, follow, max-snippet:-1, max-image-preview:large, max-video-preview:-1\" \/>\n<link rel=\"canonical\" href=\"https:\/\/marconijewellerygeneva.com\/fr\/produit\/png-262\/\" \/>\n<meta property=\"og:locale\" content=\"fr_FR\" \/>\n<meta property=\"og:type\" content=\"article\" \/>\n<meta property=\"og:title\" content=\"Sapphire diamond yellow gold ring - Marconi Geneva\" \/>\n<meta property=\"og:description\" content=\"Elegance and luxury creations of jewels. Custom jewellery made of emerald, sapphire, ruby highlighted by diamonds in 18k gold setting. Worldwide shipping.\" \/>\n<meta property=\"og:url\" content=\"https:\/\/marconijewellerygeneva.com\/fr\/produit\/png-262\/\" \/>\n<meta property=\"og:site_name\" content=\"Marconi Geneva\" \/>\n<meta property=\"article:modified_time\" content=\"2024-02-18T00:56:06+00:00\" \/>\n<meta property=\"og:image\" content=\"https:\/\/marconijewellerygeneva.com\/wp-content\/uploads\/2023\/10\/262.png\" \/>\n\t<meta property=\"og:image:width\" content=\"4252\" \/>\n\t<meta property=\"og:image:height\" content=\"4252\" \/>\n\t<meta property=\"og:image:type\" content=\"image\/png\" \/>\n<meta name=\"twitter:card\" content=\"summary_large_image\" \/>\n<meta name=\"twitter:label1\" content=\"Dur\u00e9e de lecture estim\u00e9e\" \/>\n\t<meta name=\"twitter:data1\" content=\"1 minute\" \/>\n<script type=\"application\/ld+json\" class=\"yoast-schema-graph\">{\"@context\":\"https:\\\/\\\/schema.org\",\"@graph\":[{\"@type\":\"WebPage\",\"@id\":\"https:\\\/\\\/marconijewellerygeneva.com\\\/product\\\/png-262\\\/\",\"url\":\"https:\\\/\\\/marconijewellerygeneva.com\\\/product\\\/png-262\\\/\",\"name\":\"Sapphire diamond yellow gold ring - Marconi Geneva\",\"isPartOf\":{\"@id\":\"https:\\\/\\\/marconijewellerygeneva.com\\\/#website\"},\"primaryImageOfPage\":{\"@id\":\"https:\\\/\\\/marconijewellerygeneva.com\\\/product\\\/png-262\\\/#primaryimage\"},\"image\":{\"@id\":\"https:\\\/\\\/marconijewellerygeneva.com\\\/product\\\/png-262\\\/#primaryimage\"},\"thumbnailUrl\":\"https:\\\/\\\/marconijewellerygeneva.com\\\/wp-content\\\/uploads\\\/2023\\\/10\\\/262.png\",\"datePublished\":\"2023-10-14T10:56:48+00:00\",\"dateModified\":\"2024-02-18T00:56:06+00:00\",\"description\":\"Elegance and luxury creations of jewels. Custom jewellery made of emerald, sapphire, ruby highlighted by diamonds in 18k gold setting. Worldwide shipping.\",\"breadcrumb\":{\"@id\":\"https:\\\/\\\/marconijewellerygeneva.com\\\/product\\\/png-262\\\/#breadcrumb\"},\"inLanguage\":\"fr-FR\",\"potentialAction\":[{\"@type\":\"ReadAction\",\"target\":[\"https:\\\/\\\/marconijewellerygeneva.com\\\/product\\\/png-262\\\/\"]}]},{\"@type\":\"ImageObject\",\"inLanguage\":\"fr-FR\",\"@id\":\"https:\\\/\\\/marconijewellerygeneva.com\\\/product\\\/png-262\\\/#primaryimage\",\"url\":\"https:\\\/\\\/marconijewellerygeneva.com\\\/wp-content\\\/uploads\\\/2023\\\/10\\\/262.png\",\"contentUrl\":\"https:\\\/\\\/marconijewellerygeneva.com\\\/wp-content\\\/uploads\\\/2023\\\/10\\\/262.png\",\"width\":4252,\"height\":4252},{\"@type\":\"BreadcrumbList\",\"@id\":\"https:\\\/\\\/marconijewellerygeneva.com\\\/product\\\/png-262\\\/#breadcrumb\",\"itemListElement\":[{\"@type\":\"ListItem\",\"position\":1,\"name\":\"Home\",\"item\":\"https:\\\/\\\/marconijewellerygeneva.com\\\/\"},{\"@type\":\"ListItem\",\"position\":2,\"name\":\"Shop\",\"item\":\"https:\\\/\\\/marconijewellerygeneva.com\\\/shop\\\/\"},{\"@type\":\"ListItem\",\"position\":3,\"name\":\"Sapphire diamond yellow gold ring\"}]},{\"@type\":\"WebSite\",\"@id\":\"https:\\\/\\\/marconijewellerygeneva.com\\\/#website\",\"url\":\"https:\\\/\\\/marconijewellerygeneva.com\\\/\",\"name\":\"Marconi Geneva\",\"description\":\"Marconi Geneva\",\"potentialAction\":[{\"@type\":\"SearchAction\",\"target\":{\"@type\":\"EntryPoint\",\"urlTemplate\":\"https:\\\/\\\/marconijewellerygeneva.com\\\/?s={search_term_string}\"},\"query-input\":{\"@type\":\"PropertyValueSpecification\",\"valueRequired\":true,\"valueName\":\"search_term_string\"}}],\"inLanguage\":\"fr-FR\"}]}<\/script>\n<!-- \/ Yoast SEO plugin. -->","yoast_head_json":{"title":"Sapphire diamond yellow gold ring - Marconi Geneva","description":"Elegance and luxury creations of jewels. Custom jewellery made of emerald, sapphire, ruby highlighted by diamonds in 18k gold setting. Worldwide shipping.","robots":{"index":"index","follow":"follow","max-snippet":"max-snippet:-1","max-image-preview":"max-image-preview:large","max-video-preview":"max-video-preview:-1"},"canonical":"https:\/\/marconijewellerygeneva.com\/fr\/produit\/png-262\/","og_locale":"fr_FR","og_type":"article","og_title":"Sapphire diamond yellow gold ring - Marconi Geneva","og_description":"Elegance and luxury creations of jewels. Custom jewellery made of emerald, sapphire, ruby highlighted by diamonds in 18k gold setting. Worldwide shipping.","og_url":"https:\/\/marconijewellerygeneva.com\/fr\/produit\/png-262\/","og_site_name":"Marconi Geneva","article_modified_time":"2024-02-18T00:56:06+00:00","og_image":[{"width":4252,"height":4252,"url":"https:\/\/marconijewellerygeneva.com\/wp-content\/uploads\/2023\/10\/262.png","type":"image\/png"}],"twitter_card":"summary_large_image","twitter_misc":{"Dur\u00e9e de lecture estim\u00e9e":"1 minute"},"schema":{"@context":"https:\/\/schema.org","@graph":[{"@type":"WebPage","@id":"https:\/\/marconijewellerygeneva.com\/product\/png-262\/","url":"https:\/\/marconijewellerygeneva.com\/product\/png-262\/","name":"Sapphire diamond yellow gold ring - Marconi Geneva","isPartOf":{"@id":"https:\/\/marconijewellerygeneva.com\/#website"},"primaryImageOfPage":{"@id":"https:\/\/marconijewellerygeneva.com\/product\/png-262\/#primaryimage"},"image":{"@id":"https:\/\/marconijewellerygeneva.com\/product\/png-262\/#primaryimage"},"thumbnailUrl":"https:\/\/marconijewellerygeneva.com\/wp-content\/uploads\/2023\/10\/262.png","datePublished":"2023-10-14T10:56:48+00:00","dateModified":"2024-02-18T00:56:06+00:00","description":"Elegance and luxury creations of jewels. Custom jewellery made of emerald, sapphire, ruby highlighted by diamonds in 18k gold setting. Worldwide shipping.","breadcrumb":{"@id":"https:\/\/marconijewellerygeneva.com\/product\/png-262\/#breadcrumb"},"inLanguage":"fr-FR","potentialAction":[{"@type":"ReadAction","target":["https:\/\/marconijewellerygeneva.com\/product\/png-262\/"]}]},{"@type":"ImageObject","inLanguage":"fr-FR","@id":"https:\/\/marconijewellerygeneva.com\/product\/png-262\/#primaryimage","url":"https:\/\/marconijewellerygeneva.com\/wp-content\/uploads\/2023\/10\/262.png","contentUrl":"https:\/\/marconijewellerygeneva.com\/wp-content\/uploads\/2023\/10\/262.png","width":4252,"height":4252},{"@type":"BreadcrumbList","@id":"https:\/\/marconijewellerygeneva.com\/product\/png-262\/#breadcrumb","itemListElement":[{"@type":"ListItem","position":1,"name":"Home","item":"https:\/\/marconijewellerygeneva.com\/"},{"@type":"ListItem","position":2,"name":"Shop","item":"https:\/\/marconijewellerygeneva.com\/shop\/"},{"@type":"ListItem","position":3,"name":"Sapphire diamond yellow gold ring"}]},{"@type":"WebSite","@id":"https:\/\/marconijewellerygeneva.com\/#website","url":"https:\/\/marconijewellerygeneva.com\/","name":"Marconi Gen\u00e8ve","description":"Marconi Gen\u00e8ve","potentialAction":[{"@type":"SearchAction","target":{"@type":"EntryPoint","urlTemplate":"https:\/\/marconijewellerygeneva.com\/?s={search_term_string}"},"query-input":{"@type":"PropertyValueSpecification","valueRequired":true,"valueName":"search_term_string"}}],"inLanguage":"fr-FR"}]}},"_links":{"self":[{"href":"https:\/\/marconijewellerygeneva.com\/fr\/wp-json\/wp\/v2\/product\/30131","targetHints":{"allow":["GET"]}}],"collection":[{"href":"https:\/\/marconijewellerygeneva.com\/fr\/wp-json\/wp\/v2\/product"}],"about":[{"href":"https:\/\/marconijewellerygeneva.com\/fr\/wp-json\/wp\/v2\/types\/product"}],"replies":[{"embeddable":true,"href":"https:\/\/marconijewellerygeneva.com\/fr\/wp-json\/wp\/v2\/comments?post=30131"}],"version-history":[{"count":6,"href":"https:\/\/marconijewellerygeneva.com\/fr\/wp-json\/wp\/v2\/product\/30131\/revisions"}],"predecessor-version":[{"id":32675,"href":"https:\/\/marconijewellerygeneva.com\/fr\/wp-json\/wp\/v2\/product\/30131\/revisions\/32675"}],"wp:featuredmedia":[{"embeddable":true,"href":"https:\/\/marconijewellerygeneva.com\/fr\/wp-json\/wp\/v2\/media\/32292"}],"wp:attachment":[{"href":"https:\/\/marconijewellerygeneva.com\/fr\/wp-json\/wp\/v2\/media?parent=30131"}],"wp:term":[{"taxonomy":"product_brand","embeddable":true,"href":"https:\/\/marconijewellerygeneva.com\/fr\/wp-json\/wp\/v2\/product_brand?post=30131"},{"taxonomy":"product_cat","embeddable":true,"href":"https:\/\/marconijewellerygeneva.com\/fr\/wp-json\/wp\/v2\/product_cat?post=30131"},{"taxonomy":"product_tag","embeddable":true,"href":"https:\/\/marconijewellerygeneva.com\/fr\/wp-json\/wp\/v2\/product_tag?post=30131"}],"curies":[{"name":"wp","href":"https:\/\/api.w.org\/{rel}","templated":true}]}}