{"id":30921,"date":"2023-11-24T11:22:45","date_gmt":"2023-11-24T10:22:45","guid":{"rendered":"https:\/\/marconijewellerygeneva.com\/?post_type=product&#038;p=30921"},"modified":"2023-12-23T12:28:40","modified_gmt":"2023-12-23T11:28:40","slug":"bague-saphir-or-blanc-3","status":"publish","type":"product","link":"https:\/\/marconijewellerygeneva.com\/fr\/produit\/bague-saphir-or-blanc-3\/","title":{"rendered":"Bague en or blanc avec saphirs et diamants"},"content":{"rendered":"<p>Une bague imposante en or blanc dont le motif principal est compos\u00e9 de 12 diamants baguette en serti clos dans un halo de saphirs carr\u00e9s. L'anneau est compos\u00e9 de 8 parties compos\u00e9es de diamants ronds d\u00e9limit\u00e9es par des bandes d'or blanc.<\/p>","protected":false},"excerpt":{"rendered":"<p>Diamants 5,95 carats, saphir 3,65 carats<\/p>\n<p>&nbsp;<\/p>\n<p>&nbsp;<\/p>\n<p>&nbsp;<\/p>","protected":false},"featured_media":31897,"comment_status":"open","ping_status":"closed","template":"","meta":[],"product_brand":[],"product_cat":[110,115],"product_tag":[],"class_list":{"0":"post-30921","1":"product","2":"type-product","3":"status-publish","4":"has-post-thumbnail","6":"product_cat-jewellery","7":"product_cat-men-rings","9":"first","10":"instock","11":"taxable","12":"shipping-taxable","13":"purchasable","14":"product-type-simple"},"yoast_head":"<!-- This site is optimized with the Yoast SEO plugin v27.3 - https:\/\/yoast.com\/product\/yoast-seo-wordpress\/ -->\n<title>Sapphire diamond white gold ring - Marconi Geneva<\/title>\n<meta name=\"robots\" content=\"index, follow, max-snippet:-1, max-image-preview:large, max-video-preview:-1\" \/>\n<link rel=\"canonical\" href=\"https:\/\/marconijewellerygeneva.com\/fr\/produit\/bague-saphir-or-blanc-3\/\" \/>\n<meta property=\"og:locale\" content=\"fr_FR\" \/>\n<meta property=\"og:type\" content=\"article\" \/>\n<meta property=\"og:title\" content=\"Sapphire diamond white gold ring - Marconi Geneva\" \/>\n<meta property=\"og:description\" content=\"Diamonds 5.95 carats, Sapphire 3.65 carats  &nbsp;  &nbsp;  &nbsp;\" \/>\n<meta property=\"og:url\" content=\"https:\/\/marconijewellerygeneva.com\/fr\/produit\/bague-saphir-or-blanc-3\/\" \/>\n<meta property=\"og:site_name\" content=\"Marconi Geneva\" \/>\n<meta property=\"article:modified_time\" content=\"2023-12-23T11:28:40+00:00\" \/>\n<meta property=\"og:image\" content=\"https:\/\/marconijewellerygeneva.com\/wp-content\/uploads\/2023\/11\/278-800x800.png\" \/>\n\t<meta property=\"og:image:width\" content=\"800\" \/>\n\t<meta property=\"og:image:height\" content=\"800\" \/>\n\t<meta property=\"og:image:type\" content=\"image\/png\" \/>\n<meta name=\"twitter:card\" content=\"summary_large_image\" \/>\n<meta name=\"twitter:label1\" content=\"Dur\u00e9e de lecture estim\u00e9e\" \/>\n\t<meta name=\"twitter:data1\" content=\"1 minute\" \/>\n<script type=\"application\/ld+json\" class=\"yoast-schema-graph\">{\"@context\":\"https:\\\/\\\/schema.org\",\"@graph\":[{\"@type\":\"WebPage\",\"@id\":\"https:\\\/\\\/marconijewellerygeneva.com\\\/product\\\/bague-saphir-or-blanc-3\\\/\",\"url\":\"https:\\\/\\\/marconijewellerygeneva.com\\\/product\\\/bague-saphir-or-blanc-3\\\/\",\"name\":\"Sapphire diamond white gold ring - Marconi Geneva\",\"isPartOf\":{\"@id\":\"https:\\\/\\\/marconijewellerygeneva.com\\\/#website\"},\"primaryImageOfPage\":{\"@id\":\"https:\\\/\\\/marconijewellerygeneva.com\\\/product\\\/bague-saphir-or-blanc-3\\\/#primaryimage\"},\"image\":{\"@id\":\"https:\\\/\\\/marconijewellerygeneva.com\\\/product\\\/bague-saphir-or-blanc-3\\\/#primaryimage\"},\"thumbnailUrl\":\"https:\\\/\\\/marconijewellerygeneva.com\\\/wp-content\\\/uploads\\\/2023\\\/11\\\/278.png\",\"datePublished\":\"2023-11-24T10:22:45+00:00\",\"dateModified\":\"2023-12-23T11:28:40+00:00\",\"breadcrumb\":{\"@id\":\"https:\\\/\\\/marconijewellerygeneva.com\\\/product\\\/bague-saphir-or-blanc-3\\\/#breadcrumb\"},\"inLanguage\":\"fr-FR\",\"potentialAction\":[{\"@type\":\"ReadAction\",\"target\":[\"https:\\\/\\\/marconijewellerygeneva.com\\\/product\\\/bague-saphir-or-blanc-3\\\/\"]}]},{\"@type\":\"ImageObject\",\"inLanguage\":\"fr-FR\",\"@id\":\"https:\\\/\\\/marconijewellerygeneva.com\\\/product\\\/bague-saphir-or-blanc-3\\\/#primaryimage\",\"url\":\"https:\\\/\\\/marconijewellerygeneva.com\\\/wp-content\\\/uploads\\\/2023\\\/11\\\/278.png\",\"contentUrl\":\"https:\\\/\\\/marconijewellerygeneva.com\\\/wp-content\\\/uploads\\\/2023\\\/11\\\/278.png\",\"width\":4252,\"height\":4252},{\"@type\":\"BreadcrumbList\",\"@id\":\"https:\\\/\\\/marconijewellerygeneva.com\\\/product\\\/bague-saphir-or-blanc-3\\\/#breadcrumb\",\"itemListElement\":[{\"@type\":\"ListItem\",\"position\":1,\"name\":\"Home\",\"item\":\"https:\\\/\\\/marconijewellerygeneva.com\\\/\"},{\"@type\":\"ListItem\",\"position\":2,\"name\":\"Shop\",\"item\":\"https:\\\/\\\/marconijewellerygeneva.com\\\/shop\\\/\"},{\"@type\":\"ListItem\",\"position\":3,\"name\":\"Sapphire diamond white gold ring\"}]},{\"@type\":\"WebSite\",\"@id\":\"https:\\\/\\\/marconijewellerygeneva.com\\\/#website\",\"url\":\"https:\\\/\\\/marconijewellerygeneva.com\\\/\",\"name\":\"Marconi Geneva\",\"description\":\"Marconi Geneva\",\"potentialAction\":[{\"@type\":\"SearchAction\",\"target\":{\"@type\":\"EntryPoint\",\"urlTemplate\":\"https:\\\/\\\/marconijewellerygeneva.com\\\/?s={search_term_string}\"},\"query-input\":{\"@type\":\"PropertyValueSpecification\",\"valueRequired\":true,\"valueName\":\"search_term_string\"}}],\"inLanguage\":\"fr-FR\"}]}<\/script>\n<!-- \/ Yoast SEO plugin. -->","yoast_head_json":{"title":"Sapphire diamond white gold ring - Marconi Geneva","robots":{"index":"index","follow":"follow","max-snippet":"max-snippet:-1","max-image-preview":"max-image-preview:large","max-video-preview":"max-video-preview:-1"},"canonical":"https:\/\/marconijewellerygeneva.com\/fr\/produit\/bague-saphir-or-blanc-3\/","og_locale":"fr_FR","og_type":"article","og_title":"Sapphire diamond white gold ring - Marconi Geneva","og_description":"Diamonds 5.95 carats, Sapphire 3.65 carats  &nbsp;  &nbsp;  &nbsp;","og_url":"https:\/\/marconijewellerygeneva.com\/fr\/produit\/bague-saphir-or-blanc-3\/","og_site_name":"Marconi Geneva","article_modified_time":"2023-12-23T11:28:40+00:00","og_image":[{"width":800,"height":800,"url":"https:\/\/marconijewellerygeneva.com\/wp-content\/uploads\/2023\/11\/278-800x800.png","type":"image\/png"}],"twitter_card":"summary_large_image","twitter_misc":{"Dur\u00e9e de lecture estim\u00e9e":"1 minute"},"schema":{"@context":"https:\/\/schema.org","@graph":[{"@type":"WebPage","@id":"https:\/\/marconijewellerygeneva.com\/product\/bague-saphir-or-blanc-3\/","url":"https:\/\/marconijewellerygeneva.com\/product\/bague-saphir-or-blanc-3\/","name":"Sapphire diamond white gold ring - Marconi Geneva","isPartOf":{"@id":"https:\/\/marconijewellerygeneva.com\/#website"},"primaryImageOfPage":{"@id":"https:\/\/marconijewellerygeneva.com\/product\/bague-saphir-or-blanc-3\/#primaryimage"},"image":{"@id":"https:\/\/marconijewellerygeneva.com\/product\/bague-saphir-or-blanc-3\/#primaryimage"},"thumbnailUrl":"https:\/\/marconijewellerygeneva.com\/wp-content\/uploads\/2023\/11\/278.png","datePublished":"2023-11-24T10:22:45+00:00","dateModified":"2023-12-23T11:28:40+00:00","breadcrumb":{"@id":"https:\/\/marconijewellerygeneva.com\/product\/bague-saphir-or-blanc-3\/#breadcrumb"},"inLanguage":"fr-FR","potentialAction":[{"@type":"ReadAction","target":["https:\/\/marconijewellerygeneva.com\/product\/bague-saphir-or-blanc-3\/"]}]},{"@type":"ImageObject","inLanguage":"fr-FR","@id":"https:\/\/marconijewellerygeneva.com\/product\/bague-saphir-or-blanc-3\/#primaryimage","url":"https:\/\/marconijewellerygeneva.com\/wp-content\/uploads\/2023\/11\/278.png","contentUrl":"https:\/\/marconijewellerygeneva.com\/wp-content\/uploads\/2023\/11\/278.png","width":4252,"height":4252},{"@type":"BreadcrumbList","@id":"https:\/\/marconijewellerygeneva.com\/product\/bague-saphir-or-blanc-3\/#breadcrumb","itemListElement":[{"@type":"ListItem","position":1,"name":"Home","item":"https:\/\/marconijewellerygeneva.com\/"},{"@type":"ListItem","position":2,"name":"Shop","item":"https:\/\/marconijewellerygeneva.com\/shop\/"},{"@type":"ListItem","position":3,"name":"Sapphire diamond white gold ring"}]},{"@type":"WebSite","@id":"https:\/\/marconijewellerygeneva.com\/#website","url":"https:\/\/marconijewellerygeneva.com\/","name":"Marconi Gen\u00e8ve","description":"Marconi Gen\u00e8ve","potentialAction":[{"@type":"SearchAction","target":{"@type":"EntryPoint","urlTemplate":"https:\/\/marconijewellerygeneva.com\/?s={search_term_string}"},"query-input":{"@type":"PropertyValueSpecification","valueRequired":true,"valueName":"search_term_string"}}],"inLanguage":"fr-FR"}]}},"_links":{"self":[{"href":"https:\/\/marconijewellerygeneva.com\/fr\/wp-json\/wp\/v2\/product\/30921","targetHints":{"allow":["GET"]}}],"collection":[{"href":"https:\/\/marconijewellerygeneva.com\/fr\/wp-json\/wp\/v2\/product"}],"about":[{"href":"https:\/\/marconijewellerygeneva.com\/fr\/wp-json\/wp\/v2\/types\/product"}],"replies":[{"embeddable":true,"href":"https:\/\/marconijewellerygeneva.com\/fr\/wp-json\/wp\/v2\/comments?post=30921"}],"version-history":[{"count":4,"href":"https:\/\/marconijewellerygeneva.com\/fr\/wp-json\/wp\/v2\/product\/30921\/revisions"}],"predecessor-version":[{"id":32028,"href":"https:\/\/marconijewellerygeneva.com\/fr\/wp-json\/wp\/v2\/product\/30921\/revisions\/32028"}],"wp:featuredmedia":[{"embeddable":true,"href":"https:\/\/marconijewellerygeneva.com\/fr\/wp-json\/wp\/v2\/media\/31897"}],"wp:attachment":[{"href":"https:\/\/marconijewellerygeneva.com\/fr\/wp-json\/wp\/v2\/media?parent=30921"}],"wp:term":[{"taxonomy":"product_brand","embeddable":true,"href":"https:\/\/marconijewellerygeneva.com\/fr\/wp-json\/wp\/v2\/product_brand?post=30921"},{"taxonomy":"product_cat","embeddable":true,"href":"https:\/\/marconijewellerygeneva.com\/fr\/wp-json\/wp\/v2\/product_cat?post=30921"},{"taxonomy":"product_tag","embeddable":true,"href":"https:\/\/marconijewellerygeneva.com\/fr\/wp-json\/wp\/v2\/product_tag?post=30921"}],"curies":[{"name":"wp","href":"https:\/\/api.w.org\/{rel}","templated":true}]}}