{"id":31228,"date":"2023-12-03T01:49:52","date_gmt":"2023-12-03T00:49:52","guid":{"rendered":"https:\/\/marconijewellerygeneva.com\/?post_type=product&#038;p=31228"},"modified":"2024-01-04T19:41:58","modified_gmt":"2024-01-04T18:41:58","slug":"bague-or-jaune-5","status":"publish","type":"product","link":"https:\/\/marconijewellerygeneva.com\/fr\/produit\/bague-or-jaune-5\/","title":{"rendered":"Lui-sance 150"},"content":{"rendered":"<p>Bague en or jaune \u00e9tincelante dont la particularit\u00e9 r\u00e9side dans le d\u00e9tail de ses courbes. Le motif central, serti de diamants ronds, est entour\u00e9 d'un halo de diamants en serti clos, dont 2 c\u00f4t\u00e9s s'incurvent vers le bas. Le halo a la forme d'un octogone, dont les 4 c\u00f4t\u00e9s sont prolong\u00e9s par des diamants ronds en serti rail. La bague, enti\u00e8rement sertie sur la premi\u00e8re moiti\u00e9 de diamants ronds, est d\u00e9limit\u00e9e par des anneaux d'or qui forment un U en \u00e9criture li\u00e9e.<\/p>","protected":false},"excerpt":{"rendered":"<p>Diamants 4,43 carats<\/p>","protected":false},"featured_media":31812,"comment_status":"open","ping_status":"closed","template":"","meta":[],"product_brand":[],"product_cat":[110,115],"product_tag":[],"class_list":{"0":"post-31228","1":"product","2":"type-product","3":"status-publish","4":"has-post-thumbnail","6":"product_cat-jewellery","7":"product_cat-men-rings","9":"first","10":"instock","11":"taxable","12":"shipping-taxable","13":"purchasable","14":"product-type-simple"},"yoast_head":"<!-- This site is optimized with the Yoast SEO plugin v27.3 - https:\/\/yoast.com\/product\/yoast-seo-wordpress\/ -->\n<title>Lui-sance 150 - Marconi Geneva<\/title>\n<meta name=\"description\" content=\"Elegance and luxury creations of jewels. Custom jewellery made of emerald, sapphire, ruby highlighted by diamonds in 18k gold setting. Worldwide shipping.\" \/>\n<meta name=\"robots\" content=\"index, follow, max-snippet:-1, max-image-preview:large, max-video-preview:-1\" \/>\n<link rel=\"canonical\" href=\"https:\/\/marconijewellerygeneva.com\/fr\/produit\/bague-or-jaune-5\/\" \/>\n<meta property=\"og:locale\" content=\"fr_FR\" \/>\n<meta property=\"og:type\" content=\"article\" \/>\n<meta property=\"og:title\" content=\"Lui-sance 150 - Marconi Geneva\" \/>\n<meta property=\"og:description\" content=\"Elegance and luxury creations of jewels. Custom jewellery made of emerald, sapphire, ruby highlighted by diamonds in 18k gold setting. Worldwide shipping.\" \/>\n<meta property=\"og:url\" content=\"https:\/\/marconijewellerygeneva.com\/fr\/produit\/bague-or-jaune-5\/\" \/>\n<meta property=\"og:site_name\" content=\"Marconi Geneva\" \/>\n<meta property=\"article:modified_time\" content=\"2024-01-04T18:41:58+00:00\" \/>\n<meta property=\"og:image\" content=\"https:\/\/marconijewellerygeneva.com\/wp-content\/uploads\/2023\/12\/150-800x800.png\" \/>\n\t<meta property=\"og:image:width\" content=\"800\" \/>\n\t<meta property=\"og:image:height\" content=\"800\" \/>\n\t<meta property=\"og:image:type\" content=\"image\/png\" \/>\n<meta name=\"twitter:card\" content=\"summary_large_image\" \/>\n<meta name=\"twitter:label1\" content=\"Dur\u00e9e de lecture estim\u00e9e\" \/>\n\t<meta name=\"twitter:data1\" content=\"1 minute\" \/>\n<script type=\"application\/ld+json\" class=\"yoast-schema-graph\">{\"@context\":\"https:\\\/\\\/schema.org\",\"@graph\":[{\"@type\":\"WebPage\",\"@id\":\"https:\\\/\\\/marconijewellerygeneva.com\\\/product\\\/bague-or-jaune-5\\\/\",\"url\":\"https:\\\/\\\/marconijewellerygeneva.com\\\/product\\\/bague-or-jaune-5\\\/\",\"name\":\"Lui-sance 150 - Marconi Geneva\",\"isPartOf\":{\"@id\":\"https:\\\/\\\/marconijewellerygeneva.com\\\/#website\"},\"primaryImageOfPage\":{\"@id\":\"https:\\\/\\\/marconijewellerygeneva.com\\\/product\\\/bague-or-jaune-5\\\/#primaryimage\"},\"image\":{\"@id\":\"https:\\\/\\\/marconijewellerygeneva.com\\\/product\\\/bague-or-jaune-5\\\/#primaryimage\"},\"thumbnailUrl\":\"https:\\\/\\\/marconijewellerygeneva.com\\\/wp-content\\\/uploads\\\/2023\\\/12\\\/150.png\",\"datePublished\":\"2023-12-03T00:49:52+00:00\",\"dateModified\":\"2024-01-04T18:41:58+00:00\",\"description\":\"Elegance and luxury creations of jewels. Custom jewellery made of emerald, sapphire, ruby highlighted by diamonds in 18k gold setting. Worldwide shipping.\",\"breadcrumb\":{\"@id\":\"https:\\\/\\\/marconijewellerygeneva.com\\\/product\\\/bague-or-jaune-5\\\/#breadcrumb\"},\"inLanguage\":\"fr-FR\",\"potentialAction\":[{\"@type\":\"ReadAction\",\"target\":[\"https:\\\/\\\/marconijewellerygeneva.com\\\/product\\\/bague-or-jaune-5\\\/\"]}]},{\"@type\":\"ImageObject\",\"inLanguage\":\"fr-FR\",\"@id\":\"https:\\\/\\\/marconijewellerygeneva.com\\\/product\\\/bague-or-jaune-5\\\/#primaryimage\",\"url\":\"https:\\\/\\\/marconijewellerygeneva.com\\\/wp-content\\\/uploads\\\/2023\\\/12\\\/150.png\",\"contentUrl\":\"https:\\\/\\\/marconijewellerygeneva.com\\\/wp-content\\\/uploads\\\/2023\\\/12\\\/150.png\",\"width\":4252,\"height\":4252},{\"@type\":\"BreadcrumbList\",\"@id\":\"https:\\\/\\\/marconijewellerygeneva.com\\\/product\\\/bague-or-jaune-5\\\/#breadcrumb\",\"itemListElement\":[{\"@type\":\"ListItem\",\"position\":1,\"name\":\"Home\",\"item\":\"https:\\\/\\\/marconijewellerygeneva.com\\\/\"},{\"@type\":\"ListItem\",\"position\":2,\"name\":\"Shop\",\"item\":\"https:\\\/\\\/marconijewellerygeneva.com\\\/shop\\\/\"},{\"@type\":\"ListItem\",\"position\":3,\"name\":\"Lui-sance 150\"}]},{\"@type\":\"WebSite\",\"@id\":\"https:\\\/\\\/marconijewellerygeneva.com\\\/#website\",\"url\":\"https:\\\/\\\/marconijewellerygeneva.com\\\/\",\"name\":\"Marconi Geneva\",\"description\":\"Marconi Geneva\",\"potentialAction\":[{\"@type\":\"SearchAction\",\"target\":{\"@type\":\"EntryPoint\",\"urlTemplate\":\"https:\\\/\\\/marconijewellerygeneva.com\\\/?s={search_term_string}\"},\"query-input\":{\"@type\":\"PropertyValueSpecification\",\"valueRequired\":true,\"valueName\":\"search_term_string\"}}],\"inLanguage\":\"fr-FR\"}]}<\/script>\n<!-- \/ Yoast SEO plugin. -->","yoast_head_json":{"title":"Lui-sance 150 - Marconi Geneva","description":"Elegance and luxury creations of jewels. Custom jewellery made of emerald, sapphire, ruby highlighted by diamonds in 18k gold setting. Worldwide shipping.","robots":{"index":"index","follow":"follow","max-snippet":"max-snippet:-1","max-image-preview":"max-image-preview:large","max-video-preview":"max-video-preview:-1"},"canonical":"https:\/\/marconijewellerygeneva.com\/fr\/produit\/bague-or-jaune-5\/","og_locale":"fr_FR","og_type":"article","og_title":"Lui-sance 150 - Marconi Geneva","og_description":"Elegance and luxury creations of jewels. Custom jewellery made of emerald, sapphire, ruby highlighted by diamonds in 18k gold setting. Worldwide shipping.","og_url":"https:\/\/marconijewellerygeneva.com\/fr\/produit\/bague-or-jaune-5\/","og_site_name":"Marconi Geneva","article_modified_time":"2024-01-04T18:41:58+00:00","og_image":[{"width":800,"height":800,"url":"https:\/\/marconijewellerygeneva.com\/wp-content\/uploads\/2023\/12\/150-800x800.png","type":"image\/png"}],"twitter_card":"summary_large_image","twitter_misc":{"Dur\u00e9e de lecture estim\u00e9e":"1 minute"},"schema":{"@context":"https:\/\/schema.org","@graph":[{"@type":"WebPage","@id":"https:\/\/marconijewellerygeneva.com\/product\/bague-or-jaune-5\/","url":"https:\/\/marconijewellerygeneva.com\/product\/bague-or-jaune-5\/","name":"Lui-sance 150 - Marconi Geneva","isPartOf":{"@id":"https:\/\/marconijewellerygeneva.com\/#website"},"primaryImageOfPage":{"@id":"https:\/\/marconijewellerygeneva.com\/product\/bague-or-jaune-5\/#primaryimage"},"image":{"@id":"https:\/\/marconijewellerygeneva.com\/product\/bague-or-jaune-5\/#primaryimage"},"thumbnailUrl":"https:\/\/marconijewellerygeneva.com\/wp-content\/uploads\/2023\/12\/150.png","datePublished":"2023-12-03T00:49:52+00:00","dateModified":"2024-01-04T18:41:58+00:00","description":"Elegance and luxury creations of jewels. Custom jewellery made of emerald, sapphire, ruby highlighted by diamonds in 18k gold setting. Worldwide shipping.","breadcrumb":{"@id":"https:\/\/marconijewellerygeneva.com\/product\/bague-or-jaune-5\/#breadcrumb"},"inLanguage":"fr-FR","potentialAction":[{"@type":"ReadAction","target":["https:\/\/marconijewellerygeneva.com\/product\/bague-or-jaune-5\/"]}]},{"@type":"ImageObject","inLanguage":"fr-FR","@id":"https:\/\/marconijewellerygeneva.com\/product\/bague-or-jaune-5\/#primaryimage","url":"https:\/\/marconijewellerygeneva.com\/wp-content\/uploads\/2023\/12\/150.png","contentUrl":"https:\/\/marconijewellerygeneva.com\/wp-content\/uploads\/2023\/12\/150.png","width":4252,"height":4252},{"@type":"BreadcrumbList","@id":"https:\/\/marconijewellerygeneva.com\/product\/bague-or-jaune-5\/#breadcrumb","itemListElement":[{"@type":"ListItem","position":1,"name":"Home","item":"https:\/\/marconijewellerygeneva.com\/"},{"@type":"ListItem","position":2,"name":"Shop","item":"https:\/\/marconijewellerygeneva.com\/shop\/"},{"@type":"ListItem","position":3,"name":"Lui-sance 150"}]},{"@type":"WebSite","@id":"https:\/\/marconijewellerygeneva.com\/#website","url":"https:\/\/marconijewellerygeneva.com\/","name":"Marconi Gen\u00e8ve","description":"Marconi Gen\u00e8ve","potentialAction":[{"@type":"SearchAction","target":{"@type":"EntryPoint","urlTemplate":"https:\/\/marconijewellerygeneva.com\/?s={search_term_string}"},"query-input":{"@type":"PropertyValueSpecification","valueRequired":true,"valueName":"search_term_string"}}],"inLanguage":"fr-FR"}]}},"_links":{"self":[{"href":"https:\/\/marconijewellerygeneva.com\/fr\/wp-json\/wp\/v2\/product\/31228","targetHints":{"allow":["GET"]}}],"collection":[{"href":"https:\/\/marconijewellerygeneva.com\/fr\/wp-json\/wp\/v2\/product"}],"about":[{"href":"https:\/\/marconijewellerygeneva.com\/fr\/wp-json\/wp\/v2\/types\/product"}],"replies":[{"embeddable":true,"href":"https:\/\/marconijewellerygeneva.com\/fr\/wp-json\/wp\/v2\/comments?post=31228"}],"version-history":[{"count":4,"href":"https:\/\/marconijewellerygeneva.com\/fr\/wp-json\/wp\/v2\/product\/31228\/revisions"}],"predecessor-version":[{"id":32496,"href":"https:\/\/marconijewellerygeneva.com\/fr\/wp-json\/wp\/v2\/product\/31228\/revisions\/32496"}],"wp:featuredmedia":[{"embeddable":true,"href":"https:\/\/marconijewellerygeneva.com\/fr\/wp-json\/wp\/v2\/media\/31812"}],"wp:attachment":[{"href":"https:\/\/marconijewellerygeneva.com\/fr\/wp-json\/wp\/v2\/media?parent=31228"}],"wp:term":[{"taxonomy":"product_brand","embeddable":true,"href":"https:\/\/marconijewellerygeneva.com\/fr\/wp-json\/wp\/v2\/product_brand?post=31228"},{"taxonomy":"product_cat","embeddable":true,"href":"https:\/\/marconijewellerygeneva.com\/fr\/wp-json\/wp\/v2\/product_cat?post=31228"},{"taxonomy":"product_tag","embeddable":true,"href":"https:\/\/marconijewellerygeneva.com\/fr\/wp-json\/wp\/v2\/product_tag?post=31228"}],"curies":[{"name":"wp","href":"https:\/\/api.w.org\/{rel}","templated":true}]}}